{"id":164,"date":"2013-08-01T16:14:40","date_gmt":"2013-08-01T16:14:40","guid":{"rendered":"http:\/\/finkra.com\/lbi\/?page_id=164"},"modified":"2024-09-09T14:48:04","modified_gmt":"2024-09-09T18:48:04","slug":"sostenedores","status":"publish","type":"page","link":"https:\/\/lbi.cl\/v\/lbi\/sostenedores\/","title":{"rendered":"Sostenedores de la Fundaci\u00f3n de Educaci\u00f3n Superior Chileno-Alemana"},"content":{"rendered":"<p><!--:de--><\/p>\n<ul>\n<li>Bundesamt f\u00fcr Ausw\u00e4rtige Angelegenheiten \u2013 Zentralstelle f\u00fcr das Auslandsschulwesen (<a href=\"http:\/\/www.auslandsschulwesen.de\">www.auslandsschulwesen.de<\/a>)<\/li>\n<li>Sociedad de Beneficencia y Promoci\u00f3n Cultural y T\u00e9cnica Liga Chileno-Alemana (<a href=\"https:\/\/www.dcb.cl\/\">www.dcb.cl<\/a>)<\/li>\n<li>Sociedad Teuto Chilena de Educaci\u00f3n (<a href=\"http:\/\/dschile.cl\/\">http:\/\/dschile.cl\/<\/a>)<\/li>\n<li>Corporaci\u00f3n Colegio Alem\u00e1n de Elqui, La Serena (<a href=\"http:\/\/www.dsls.cl\">www.dsls.cl<\/a>)<\/li>\n<li>Corporaci\u00f3n Colegio Alem\u00e1n de San Felipe (<a href=\"https:\/\/www.dssanfelipe.cl\/\">https:\/\/www.dssanfelipe.cl\/<\/a>)<\/li>\n<li>Corporaci\u00f3n Colegio Alem\u00e1n de Valpara\u00edso (<a href=\"http:\/\/www.dsvalpo.cl\">www.dsvalpo.cl<\/a>)<\/li>\n<li>Colegio Alem\u00e1n Sankt Thomas Morus, Santiago (<a href=\"http:\/\/www.dsmorus.cl\/es\/\">www.dsmorus.cl\/es\/<\/a>)<\/li>\n<li>Fundaci\u00f3n Educacional Santa Ursula, Santiago (<a href=\"http:\/\/www.csuv.cl\">www.csuv.cl<\/a>)<\/li>\n<li>Colegio Alem\u00e1n de Santiago SpA (<a href=\"http:\/\/www.dsstgo.cl\">www.dsstgo.cl<\/a>)<\/li>\n<li>Colegio Alem\u00e1n Chicureo SpA (<a href=\"http:\/\/www.dsch.cl\">www.dsch.cl<\/a>)<\/li>\n<li>Corporaci\u00f3n Colegio Alem\u00e1n de Chill\u00e1n (<a href=\"http:\/\/www.dschillan.cl\">www.dschillan.cl<\/a>)<\/li>\n<li>Corporaci\u00f3n Colegio Alem\u00e1n de Concepci\u00f3n (<a href=\"https:\/\/www.dsc.cl\">https:\/\/www.dsc.cl<\/a>)<\/li>\n<li>Corporaci\u00f3n Sociedad Colegio Alem\u00e1n de Los \u00c1ngeles (<a href=\"http:\/\/www.dsla.cl\">www.dsla.cl<\/a>)<\/li>\n<li>Sociedad Colegio Alem\u00e1n de Temuco (<a href=\"http:\/\/www.dstemuco.cl\">www.dstemuco.cl<\/a>)<\/li>\n<li>Sociedad Germana de Educaci\u00f3n, Cultura y Beneficencia Lago Villarrica (<a href=\"http:\/\/web.dsvillarrica.cl\/\">http:\/\/web.dsvillarrica.cl\/<\/a>)<\/li>\n<li>Sociedad Instituto Alem\u00e1n de Valdivia (<a href=\"https:\/\/www.dsvaldivia.cl\">https:\/\/www.dsvaldivia.cl<\/a>)<\/li>\n<li>Sociedad Escuela Alemana de La Uni\u00f3n (<a href=\"http:\/\/www.dslu.cl\">www.dslu.cl<\/a>)<\/li>\n<li>Instituto Alem\u00e1n de Osorno (<a href=\"http:\/\/www.dso.cl\/?lang=de\">http:\/\/www.dso.cl\/?lang=de<\/a>)<\/li>\n<li>Instituto Alem\u00e1n de Frutillar (<a href=\"https:\/\/www.dsfrutillar.cl\/portal\/\">https:\/\/www.dsfrutillar.cl\/portal\/<\/a>)<\/li>\n<li>Sociedad Colegio Alem\u00e1n de Puerto Varas (<a href=\"https:\/\/www.dspuertovaras.com\">https:\/\/www.dspuertovaras.com)<\/a><\/li>\n<li>Corporaci\u00f3n Instituto Alem\u00e1n de Puerto Montt (<a href=\"http:\/\/www.ialeman.cl\">www.ialeman.cl<\/a>)<\/li>\n<li>Sociedad Escolar Alemana, Punta Arenas (<a href=\"http:\/\/www.dspuntaarenas.cl\">www.dspuntaarenas.cl<\/a>)<\/li>\n<\/ul>\n<p><!--:--><\/p>\n","protected":false},"excerpt":{"rendered":"<p>Bundesamt f\u00fcr Ausw\u00e4rtige Angelegenheiten \u2013 Zentralstelle f\u00fcr das Auslandsschulwesen (www.auslandsschulwesen.de) Sociedad de Beneficencia y Promoci\u00f3n Cultural y T\u00e9cnica Liga Chileno-Alemana (www.dcb.cl) Sociedad Teuto Chilena de Educaci\u00f3n (http:\/\/dschile.cl\/) Corporaci\u00f3n Colegio Alem\u00e1n de Elqui, La Serena (www.dsls.cl) Corporaci\u00f3n Colegio Alem\u00e1n de San Felipe (https:\/\/www.dssanfelipe.cl\/) Corporaci\u00f3n Colegio Alem\u00e1n de Valpara\u00edso (www.dsvalpo.cl) Colegio Alem\u00e1n Sankt Thomas Morus, Santiago (www.dsmorus.cl\/es\/) &#8230; <a title=\"Sostenedores de la Fundaci\u00f3n de Educaci\u00f3n Superior Chileno-Alemana\" class=\"read-more\" href=\"https:\/\/lbi.cl\/v\/lbi\/sostenedores\/\" aria-label=\"M\u00e1s en Sostenedores de la Fundaci\u00f3n de Educaci\u00f3n Superior Chileno-Alemana\">Leer m\u00e1s<\/a><\/p>\n","protected":false},"author":6,"featured_media":0,"parent":28,"menu_order":7,"comment_status":"closed","ping_status":"closed","template":"","meta":{"footnotes":""},"_links":{"self":[{"href":"https:\/\/lbi.cl\/v\/wp-json\/wp\/v2\/pages\/164"}],"collection":[{"href":"https:\/\/lbi.cl\/v\/wp-json\/wp\/v2\/pages"}],"about":[{"href":"https:\/\/lbi.cl\/v\/wp-json\/wp\/v2\/types\/page"}],"author":[{"embeddable":true,"href":"https:\/\/lbi.cl\/v\/wp-json\/wp\/v2\/users\/6"}],"replies":[{"embeddable":true,"href":"https:\/\/lbi.cl\/v\/wp-json\/wp\/v2\/comments?post=164"}],"version-history":[{"count":49,"href":"https:\/\/lbi.cl\/v\/wp-json\/wp\/v2\/pages\/164\/revisions"}],"predecessor-version":[{"id":4608,"href":"https:\/\/lbi.cl\/v\/wp-json\/wp\/v2\/pages\/164\/revisions\/4608"}],"up":[{"embeddable":true,"href":"https:\/\/lbi.cl\/v\/wp-json\/wp\/v2\/pages\/28"}],"wp:attachment":[{"href":"https:\/\/lbi.cl\/v\/wp-json\/wp\/v2\/media?parent=164"}],"curies":[{"name":"wp","href":"https:\/\/api.w.org\/{rel}","templated":true}]}}