{"id":2798,"date":"2017-07-07T12:46:58","date_gmt":"2017-07-07T16:46:58","guid":{"rendered":"http:\/\/lbi.cl\/v\/?page_id=2798"},"modified":"2024-09-09T14:50:29","modified_gmt":"2024-09-09T18:50:29","slug":"medalla-al-merito-humboldt-lbi","status":"publish","type":"page","link":"https:\/\/lbi.cl\/v\/lbi\/medalla-al-merito-humboldt-lbi\/","title":{"rendered":"Medalla al m\u00e9rito Humboldt-LBI"},"content":{"rendered":"<p><!--:de--><\/p>\n<h4>En 2005, el entonces rector de LBI, Dr. Felix Emmiger, inici\u00f3 la entrega de la llamada &#8220;Medalla Wilhelm von Humboldt&#8221;. La decisi\u00f3n es tomada por el Comit\u00e9 Ejecutivo del LBI en mutuo acuerdo con la direcci\u00f3n del LBI. En el acto de otorgamiento se le entrega una medalla grabada y un certificado.<\/h4>\n<h4><\/h4>\n<p><!--:--><\/p>\n","protected":false},"excerpt":{"rendered":"<p>En 2005, el entonces rector de LBI, Dr. Felix Emmiger, inici\u00f3 la entrega de la llamada &#8220;Medalla Wilhelm von Humboldt&#8221;. La decisi\u00f3n es tomada por el Comit\u00e9 Ejecutivo del LBI en mutuo acuerdo con la direcci\u00f3n del LBI. En el acto de otorgamiento se le entrega una medalla grabada y un certificado.<\/p>\n","protected":false},"author":6,"featured_media":0,"parent":28,"menu_order":0,"comment_status":"closed","ping_status":"closed","template":"","meta":{"footnotes":""},"_links":{"self":[{"href":"https:\/\/lbi.cl\/v\/wp-json\/wp\/v2\/pages\/2798"}],"collection":[{"href":"https:\/\/lbi.cl\/v\/wp-json\/wp\/v2\/pages"}],"about":[{"href":"https:\/\/lbi.cl\/v\/wp-json\/wp\/v2\/types\/page"}],"author":[{"embeddable":true,"href":"https:\/\/lbi.cl\/v\/wp-json\/wp\/v2\/users\/6"}],"replies":[{"embeddable":true,"href":"https:\/\/lbi.cl\/v\/wp-json\/wp\/v2\/comments?post=2798"}],"version-history":[{"count":25,"href":"https:\/\/lbi.cl\/v\/wp-json\/wp\/v2\/pages\/2798\/revisions"}],"predecessor-version":[{"id":4614,"href":"https:\/\/lbi.cl\/v\/wp-json\/wp\/v2\/pages\/2798\/revisions\/4614"}],"up":[{"embeddable":true,"href":"https:\/\/lbi.cl\/v\/wp-json\/wp\/v2\/pages\/28"}],"wp:attachment":[{"href":"https:\/\/lbi.cl\/v\/wp-json\/wp\/v2\/media?parent=2798"}],"curies":[{"name":"wp","href":"https:\/\/api.w.org\/{rel}","templated":true}]}}