{"id":43,"date":"2013-07-31T21:40:14","date_gmt":"2013-07-31T21:40:14","guid":{"rendered":"http:\/\/finkra.com\/lbi\/?page_id=43"},"modified":"2024-09-09T14:47:19","modified_gmt":"2024-09-09T18:47:19","slug":"carreras","status":"publish","type":"page","link":"https:\/\/lbi.cl\/v\/carreras\/","title":{"rendered":"Carreras"},"content":{"rendered":"<p><!--:--><!--:es-->Para mayor informaci\u00f3n sobre las carreras y la admisi\u00f3n, por favor haga clic en el siguiente link:<\/p>\n<ul>\n<li><b><a href=\"http:\/\/www.pedagogiasenaleman.utalca.cl\/index.html\" target=\"_blank\" rel=\"noopener\">Carreras Escuela de Pedagog\u00edas en Alem\u00e1n, Campus Santiago-LBI, Universidad de Talca <\/a><\/b><\/li>\n<\/ul>\n<p><!--:--><\/p>\n","protected":false},"excerpt":{"rendered":"<p>Para mayor informaci\u00f3n sobre las carreras y la admisi\u00f3n, por favor haga clic en el siguiente link: Carreras Escuela de Pedagog\u00edas en Alem\u00e1n, Campus Santiago-LBI, Universidad de Talca<\/p>\n","protected":false},"author":6,"featured_media":0,"parent":0,"menu_order":3,"comment_status":"closed","ping_status":"closed","template":"","meta":{"footnotes":""},"_links":{"self":[{"href":"https:\/\/lbi.cl\/v\/wp-json\/wp\/v2\/pages\/43"}],"collection":[{"href":"https:\/\/lbi.cl\/v\/wp-json\/wp\/v2\/pages"}],"about":[{"href":"https:\/\/lbi.cl\/v\/wp-json\/wp\/v2\/types\/page"}],"author":[{"embeddable":true,"href":"https:\/\/lbi.cl\/v\/wp-json\/wp\/v2\/users\/6"}],"replies":[{"embeddable":true,"href":"https:\/\/lbi.cl\/v\/wp-json\/wp\/v2\/comments?post=43"}],"version-history":[{"count":15,"href":"https:\/\/lbi.cl\/v\/wp-json\/wp\/v2\/pages\/43\/revisions"}],"predecessor-version":[{"id":4607,"href":"https:\/\/lbi.cl\/v\/wp-json\/wp\/v2\/pages\/43\/revisions\/4607"}],"wp:attachment":[{"href":"https:\/\/lbi.cl\/v\/wp-json\/wp\/v2\/media?parent=43"}],"curies":[{"name":"wp","href":"https:\/\/api.w.org\/{rel}","templated":true}]}}