{"id":55,"date":"2013-07-31T21:46:03","date_gmt":"2013-07-31T21:46:03","guid":{"rendered":"http:\/\/finkra.com\/lbi\/?page_id=55"},"modified":"2025-05-13T15:17:45","modified_gmt":"2025-05-13T19:17:45","slug":"biblioteca","status":"publish","type":"page","link":"https:\/\/lbi.cl\/v\/biblioteca\/","title":{"rendered":"Biblioteca Fundaci\u00f3n de Educaci\u00f3n Superior Chileno Alemana"},"content":{"rendered":"\n<p><\/p>\n\n\n\n<p>La Biblioteca de Fundaci\u00f3n de Educaci\u00f3n Superior Chileno Alemana cuenta con una superficie de 90 m2 y un fondo bibliogr\u00e1fico compuesto por 9.565 ejemplares. Tambi\u00e9n cuenta con 3 suscripciones a revistas especializadas en Educaci\u00f3n, 1.640 unidades de medios audiovisuales y 1.746 unidades de otros materiales tales como tesis, material did\u00e1ctico, anuarios, etc.<\/p>\n\n\n\n<p>En la Biblioteca podemos encontrar 20 puestos de trabajo y un computador para consultar el cat\u00e1logo en l\u00ednea.<\/p>\n\n\n\n<p>Para apoyar a los estudiantes en el acceso y localizaci\u00f3n de material digital para la elaboraci\u00f3n de trabajos, tareas y presentaciones, dentro de la biblioteca se realizan diversos talleres relacionados con la b\u00fasqueda de informaci\u00f3n acad\u00e9mica, inducci\u00f3n al uso de la biblioteca, norma bibliogr\u00e1fica APA 7,&nbsp; actividades culturales, entre otras .<\/p>\n\n\n\n<p><a href=\"https:\/\/vel.cl\/lbibiblioteca\">https:\/\/vel.cl\/lbibiblioteca<\/a><\/p>\n\n\n\n<p><strong>Encargada de Biblioteca:&nbsp;<\/strong>Karen Mu\u00f1oz<\/p>\n\n\n\n<p>E-Mail:&nbsp;<a href=\"mailto:biblioteca@lbi.cl\" target=\"_blank\" rel=\"noreferrer noopener\">biblioteca@lbi.cl<\/a><\/p>\n\n\n\n<p>Tel : +56 (02) 24490 819<\/p>\n\n\n\n<p><strong>Horario:<\/strong>&nbsp;Lunes, Mi\u00e9rcoles y Viernes 09.00 \u2013 13.00 hrs. Jueves 09.00-18.00 hrs.<\/p>\n\n\n\n<p><\/p>\n","protected":false},"excerpt":{"rendered":"<p>La Biblioteca de Fundaci\u00f3n de Educaci\u00f3n Superior Chileno Alemana cuenta con una superficie de 90 m2 y un fondo bibliogr\u00e1fico compuesto por 9.565 ejemplares. Tambi\u00e9n cuenta con 3 suscripciones a revistas especializadas en Educaci\u00f3n, 1.640 unidades de medios audiovisuales y 1.746 unidades de otros materiales tales como tesis, material did\u00e1ctico, anuarios, etc. En la Biblioteca &#8230; <a title=\"Biblioteca Fundaci\u00f3n de Educaci\u00f3n Superior Chileno Alemana\" class=\"read-more\" href=\"https:\/\/lbi.cl\/v\/biblioteca\/\" aria-label=\"M\u00e1s en Biblioteca Fundaci\u00f3n de Educaci\u00f3n Superior Chileno Alemana\">Leer m\u00e1s<\/a><\/p>\n","protected":false},"author":6,"featured_media":0,"parent":0,"menu_order":5,"comment_status":"closed","ping_status":"closed","template":"","meta":{"footnotes":""},"_links":{"self":[{"href":"https:\/\/lbi.cl\/v\/wp-json\/wp\/v2\/pages\/55"}],"collection":[{"href":"https:\/\/lbi.cl\/v\/wp-json\/wp\/v2\/pages"}],"about":[{"href":"https:\/\/lbi.cl\/v\/wp-json\/wp\/v2\/types\/page"}],"author":[{"embeddable":true,"href":"https:\/\/lbi.cl\/v\/wp-json\/wp\/v2\/users\/6"}],"replies":[{"embeddable":true,"href":"https:\/\/lbi.cl\/v\/wp-json\/wp\/v2\/comments?post=55"}],"version-history":[{"count":32,"href":"https:\/\/lbi.cl\/v\/wp-json\/wp\/v2\/pages\/55\/revisions"}],"predecessor-version":[{"id":4640,"href":"https:\/\/lbi.cl\/v\/wp-json\/wp\/v2\/pages\/55\/revisions\/4640"}],"wp:attachment":[{"href":"https:\/\/lbi.cl\/v\/wp-json\/wp\/v2\/media?parent=55"}],"curies":[{"name":"wp","href":"https:\/\/api.w.org\/{rel}","templated":true}]}}